{"id":24,"date":"2020-09-29T13:56:48","date_gmt":"2020-09-29T11:56:48","guid":{"rendered":"http:\/\/www.wasam.fr\/photo\/?page_id=24"},"modified":"2021-11-03T11:19:51","modified_gmt":"2021-11-03T10:19:51","slug":"a-propos","status":"publish","type":"page","link":"https:\/\/www.wasam.fr\/photo\/a-propos\/","title":{"rendered":"\u00c0 propos"},"content":{"rendered":"\n<div class=\"wp-block-columns\">\n<div class=\"wp-block-column\"><\/div>\n<\/div>\n\n\n\n<p>Je suis Samuel Rivot, designer graphique \/ directeur artistique ind\u00e9pendant. Vous pouvez retrouver mes travaux graphiques sur <a rel=\"noreferrer noopener\" href=\"http:\/\/www.wasam.fr\/\" target=\"_blank\"><strong>wasam.fr<\/strong><\/a>.<\/p>\n\n\n\n<p class=\"ticss-b1c23b6a\">Passionn\u00e9 d&#8217;image, c&#8217;est tout naturellement que j&#8217;ai \u00e9t\u00e9 tr\u00e8s t\u00f4t attir\u00e9 par la pratique de la photographie en amateur &#8220;\u00e9clair\u00e9&#8221;. J&#8217;ai commenc\u00e9 la prise de vue \u00e0 la fin des ann\u00e9es 90, d&#8217;abord en argentique, en parall\u00e8le d&#8217;une pratique de d\u00e9veloppement et de tirage, et techniques de masquage, en labo noir et blanc. Puis avec le num\u00e9rique, j&#8217;ai transpos\u00e9 mon savoir-faire en retouche d&#8217;image sur des logiciels d\u00e9di\u00e9s, notamment Lightroom.<\/p>\n\n\n\n<p class=\"ticss-c65944d8\">Mon sujet favori est la ville, sous toutes ses formes, mais pas seulement ! J&#8217;affectionne les points de vues panoramiques, les perspectives profondes mais aussi les cadrages rapproch\u00e9s qui r\u00e9v\u00e8lent le graphisme de certains sujets. Au cours de mes visites et p\u00e9r\u00e9grinations, urbaines ou campagnardes, en France ou \u00e0 l&#8217;\u00e9tranger, j&#8217;ai collect\u00e9 de nombreuses images dont vous pouvez voir une large s\u00e9lection sur ce site. Vous trouverez aussi dans la rubrique &#8220;<strong><a href=\"https:\/\/www.wasam.fr\/photo\/actu\/\">Carnets<\/a><\/strong>&#8221; de courts articles que j&#8217;ai r\u00e9dig\u00e9s au fil de mes divers voyages.<\/p>\n\n\n\n<p>Je pratique \u00e9galement la photographie en studio (pack shot notamment) gr\u00e2ce \u00e0 un \u00e9quipement de flashs et de fonds. A consulter dans la galerie d\u00e9di\u00e9e.<\/p>\n\n\n\n<p>Si vous souhaitez acqu\u00e9rir une  ou plusieurs de mes photos , n&#8217;h\u00e9sitez pas \u00e0 m&#8217;envoyer un message pour que nous en discutions !<\/p>\n","protected":false},"excerpt":{"rendered":"<p>Je suis Samuel Rivot, designer graphique \/ directeur artistique ind\u00e9pendant. Vous pouvez retrouver mes travaux graphiques sur wasam.fr. Passionn\u00e9 d&#8217;image, c&#8217;est tout naturellement que j&#8217;ai \u00e9t\u00e9 tr\u00e8s t\u00f4t attir\u00e9 par la pratique de la photographie en amateur &#8220;\u00e9clair\u00e9&#8221;. J&#8217;ai commenc\u00e9 la prise de vue \u00e0 la fin des ann\u00e9es 90, d&#8217;abord en argentique, en parall\u00e8le [&hellip;]<\/p>\n","protected":false},"author":1,"featured_media":0,"parent":0,"menu_order":0,"comment_status":"closed","ping_status":"closed","template":"","meta":[],"_links":{"self":[{"href":"https:\/\/www.wasam.fr\/photo\/wp-json\/wp\/v2\/pages\/24"}],"collection":[{"href":"https:\/\/www.wasam.fr\/photo\/wp-json\/wp\/v2\/pages"}],"about":[{"href":"https:\/\/www.wasam.fr\/photo\/wp-json\/wp\/v2\/types\/page"}],"author":[{"embeddable":true,"href":"https:\/\/www.wasam.fr\/photo\/wp-json\/wp\/v2\/users\/1"}],"replies":[{"embeddable":true,"href":"https:\/\/www.wasam.fr\/photo\/wp-json\/wp\/v2\/comments?post=24"}],"version-history":[{"count":38,"href":"https:\/\/www.wasam.fr\/photo\/wp-json\/wp\/v2\/pages\/24\/revisions"}],"predecessor-version":[{"id":3198,"href":"https:\/\/www.wasam.fr\/photo\/wp-json\/wp\/v2\/pages\/24\/revisions\/3198"}],"wp:attachment":[{"href":"https:\/\/www.wasam.fr\/photo\/wp-json\/wp\/v2\/media?parent=24"}],"curies":[{"name":"wp","href":"https:\/\/api.w.org\/{rel}","templated":true}]}}